{"id":1480,"date":"2021-02-06T18:54:55","date_gmt":"2021-02-06T16:54:55","guid":{"rendered":"https:\/\/www.heikomerten.com\/presents\/?page_id=1480"},"modified":"2021-02-06T19:03:41","modified_gmt":"2021-02-06T17:03:41","slug":"datenschutzerklaerung","status":"publish","type":"page","link":"https:\/\/www.heikomerten.com\/presents\/datenschutzerklaerung\/","title":{"rendered":"Datenschutzerkl\u00e4rung"},"content":{"rendered":"<p><strong>Datenschutzerkl\u00e4rung<\/strong><\/p>\n<p>&nbsp;<\/p>\n<ul>\n<li><strong>1 Information \u00fcber die Erhebung personenbezogener Daten und Anbieterkennzeichnung<\/strong><\/li>\n<\/ul>\n<p>(1) Diese Webseite wird von Heiko Merten betrieben. Ein wichtiges Anliegen von Heiko Merten ist der Schutz ihrer personenbezogenen Daten. Im folgenden finden Sie Informationen \u00fcber den Datenschutz beim Besuch der Webseite:<\/p>\n<p><a href=\"https:\/\/www.heikomerten.com%20\">https:\/\/www.heikomerten.com <\/a><\/p>\n<p>&nbsp;<\/p>\n<p>(2) Diensteanbieter gem. \u00a7 13 Telemediengesetz (TMG)<\/p>\n<p><em>Heiko Merten<br \/>\n<\/em><br \/>\n<strong>Postadresse<\/strong><br \/>\n<em>Heiko Merten<br \/>\nFriedelstr. 29<br \/>\n12047 Berlin<\/em><\/p>\n<p>&nbsp;<\/p>\n<p><strong>Per E-mail<\/strong><br \/>\ndop[at]heikomerten.com<\/p>\n<p>&nbsp;<\/p>\n<p>(3)\u00a0Rechtlicher Verantwortlicher f\u00fcr den Datenschutz dieser Webseite ist:<\/p>\n<p><em>Heiko Merten<\/em><\/p>\n<p><em><br \/>\n<\/em><br \/>\n<strong>Postadresse<\/strong><br \/>\n<em>Heiko Merten<br \/>\nFriedelstr. 29<br \/>\n12047 Berlin<\/em><\/p>\n<p>&nbsp;<\/p>\n<p>&nbsp;<\/p>\n<p><strong>Per E-mail<\/strong><br \/>\ndop[at]heikomerten.com<\/p>\n<p>&nbsp;<\/p>\n<p>Sie k\u00f6nnen sich bei Fragen zum Datenschutz jederzeit an den Verantwortlichen f\u00fcr den Datenschutz wenden.<\/p>\n<p>&nbsp;<\/p>\n<p>&nbsp;<\/p>\n<ul>\n<li><strong> 2 Erhebung personenbezogener Daten bei informative Nutzung<\/strong><br \/>\n(1) Wenn Sie sich nicht zur Nutzung der Webseite anmelden, registrieren oder mir andere Informationen \u00fcbermitteln, erhebe ich keine personenbezogenen Daten, mit Ausnahme der Daten, die Ihr Browser \u00fcbermittelt, um Ihnen den Besuch der Website zu erm\u00f6glichen. \u00dcber ihren Server Log Files erheben und speichere ich automatisch Informationen, welche \u00fcber ihren Browser \u00fcbermittelt wird. Diese Informationen sind:<\/li>\n<\/ul>\n<p>&nbsp;<\/p>\n<ul>\n<li>\u00a0 IP-Adresse<\/li>\n<li>\u00a0 Datum und Uhrzeit der Anfrage<\/li>\n<li>\u00a0 Zeitzonendifferenz zur Greenwich Mean Time (GMT)<\/li>\n<li>\u00a0 Referrer URL<\/li>\n<li>\u00a0 aufgerufene Seiten<\/li>\n<li>\u00a0 Verweildauer<\/li>\n<li>\u00a0 Inhalt der Anforderung<\/li>\n<li>\u00a0 Zugriffsstatus\/HTTP-Statuscode<\/li>\n<li>\u00a0 Browser<\/li>\n<li>\u00a0 jeweils \u00fcbertragene Datenmenge<\/li>\n<li>\u00a0 Betriebssystem<\/li>\n<li>\u00a0 Sprache und Version der Browsersoftware<\/li>\n<li>\u00a0 Website, von der die Anforderung kommt<\/li>\n<\/ul>\n<p>&nbsp;<\/p>\n<p>(2) Diese Daten sind f\u00fcr mich nicht bestimmten Personen zuzuordnen. Eine Zusammenf\u00fchrung dieser Daten mit anderen Datenquellen wird nicht vorgenommen. Ich behalte mir vor, diese Daten nachtr\u00e4glich zu pr\u00fcfen, wenn mir konkrete Anhaltspunkte f\u00fcr eine rechtswidrige Nutzung bekannt wird.<\/p>\n<p>&nbsp;<\/p>\n<p>(3) Personenbezogene Daten (z. B. Name, Adresse, E-Mail) erhebe und verarbeite ich nur, wenn sie mir diese im Rahmen einer Registrierung, der Bestellung von Dienstleistungen oder bei Anfragen zur Verf\u00fcgung gestellt haben, und nur soweit dies f\u00fcr die Begr\u00fcndung und inhaltliche Ausgestaltung oder \u00c4nderung des Rechtsverh\u00e4ltnisses erforderlich ist.<\/p>\n<p>&nbsp;<\/p>\n<p>(4) Nach vollst\u00e4ndiger Vertragsabwicklung werden ihre Daten unter Ber\u00fccksichtigung der gesetzlichen Aufbewahrungspflichten gel\u00f6scht, sofern Sie in eine weitere Verwendung nicht ausdr\u00fccklich eingewilligt haben. Ohne ihr Einverst\u00e4ndnis oder eine entsprechende beh\u00f6rdliche Anordnung werden Ihre pers\u00f6nlichen Daten von mir oder von mir beauftragten Personen keinen Dritten Personen zur Verf\u00fcgung gestellt.<\/p>\n<p>&nbsp;<\/p>\n<p>(5) Auf meiner Website k\u00f6nnen Sie \u00fcber ein Kontaktformular personenbezogene Daten eingeben. Wenn Sie das Kontaktformular nutzen, erhebe und speicher ich die Daten, die Sie in die Eingabemaske eingeben (z.B. Vorname, Nachname, E-Mail-Adresse). Eine Weitergabe an Dritte findet nicht statt. Rechtsgrundlage f\u00fcr die Verarbeitung ist im Falle einer Einwilligung Art. 6 Abs. 1 lit. a DSGVO. Dient Ihre Anfrage der Vorbereitung eines Vertragsabschlusses ist Art. 6 Abs. 1 lit. b DSGVO zus\u00e4tzliche Rechtsgrundlage. Die Daten verwende ich ausschlie\u00dflich, um Ihre Anfrage zu bearbeiten und zu beantworten.<\/p>\n<p>&nbsp;<\/p>\n<p>&nbsp;<\/p>\n<ul>\n<li><strong><br \/>\n3 Cookies<\/strong><br \/>\n(1) Weiterhin k\u00f6nnen bei Nutzung der Website Cookies auf Ihrem Rechner gespeichert werden. Bei Cookies handelt es sich um kleine Textdateien, die auf Ihrer Festplatte dem von Ihnen verwendeten Browser zugeordnet gespeichert werden und durch welche der Stelle, die den Cookie setzt (in diesem Fall also mir), bestimmte Informationen zuflie\u00dfen. Cookies k\u00f6nnen keine Programme ausf\u00fchren oder Viren auf Ihren Computer \u00fcbertragen. Sie dienen dazu, das Internetangebot insgesamt nutzerfreundlicher und effektiver zu machen. Ich setze Cookies auch dazu ein, um Sie f\u00fcr Folgebesuche identifizieren zu k\u00f6nnen, u.a. falls Sie \u00fcber einen Account bei mir verf\u00fcgen. Andernfalls m\u00fcssten Sie sich f\u00fcr jeden Besuch erneut einloggen.<\/li>\n<\/ul>\n<p>&nbsp;<\/p>\n<ol>\n<li>a) Diese Website nutzt Cookies in folgendem Umfang:<\/li>\n<\/ol>\n<p>\u2013 Transiente Cookies (tempor\u00e4rer Einsatz)<\/p>\n<p>&nbsp;<\/p>\n<ol>\n<li>b) Sie k\u00f6nnen Ihre Browser-Einstellung entsprechend Ihren W\u00fcnschen konfigurieren und die Annahme von Third-Party-Cookies oder allen Cookies ablehnen. Ich weise Sie jedoch darauf hin, dass Sie dann eventuell nicht alle Funktionen dieser Website nutzen k\u00f6nnen.<\/li>\n<\/ol>\n<p>&nbsp;<\/p>\n<ol>\n<li>c) Diese gespeicherten Informationen werden getrennt von eventuell weiter bei mir angegeben Daten gespeichert. Insbesondere werden die Daten der Cookies nicht mit Ihren weiteren Daten verkn\u00fcpft.<\/li>\n<\/ol>\n<p>&nbsp;<\/p>\n<p>&nbsp;<\/p>\n<p>(2) Ich verarbeite und speichere Ihre Daten nur f\u00fcr die Dauer, wie diese f\u00fcr die Verarbeitung oder zur Einhaltung gesetzlicher Pflichten erforderlich ist. Nach Wegfall des Verarbeitungszwecks werden Ihre Daten gel\u00f6scht oder gesperrt. Sofern dar\u00fcber hinaus gesetzliche Pflichten zur Speicherung bestehen, sperren oder l\u00f6schen ich Ihre Daten mit Ablauf der gesetzlichen Speicherfristen.<\/p>\n<p>&nbsp;<\/p>\n<p>&nbsp;<\/p>\n<p>(3) Teilweise bedienen ich mir externer Dienstleister, um ihre Daten zu verarbeiten. Diese wurden von mir sorgf\u00e4ltig ausgew\u00e4hlt und schriftlich beauftragt. Sie sind an meine Weisungen gebunden und werden von mir regelm\u00e4\u00dfig kontrolliert. Die Dienstleister werden diese Daten nicht an Dritte weitergeben. Soweit diese Dienstleister in den USA sitzen, teilen ich Ihnen dies im Zusammenhang mit den jeweiligen Funktionen mit. Auch diese Datenverarbeitung erfolgt nach der geltenden Rechtslage, insbesondere nehmen diese Dienstleister am EU-US Privacy-Shield-Programm teil. In keinem Fall werden dabei personenbezogene Daten wie Name, Anschrift, E-Mail-Adresse in den Cookies gespeichert. Die IP-Adresse wird dabei an den Diensteanbieter \u00fcbermittelt, dort aber nur entweder in verk\u00fcrzter oder verschl\u00fcsselter (d. h. ersetzt durch eine andere Nummernfolge, die keine R\u00fcckschl\u00fcsse auf die urspr\u00fcngliche IP-Nummernfolge zul\u00e4sst und nicht wieder zur\u00fcckverfolgt werden kann) gespeichert und weiterverarbeitet.<\/p>\n<p>&nbsp;<\/p>\n<p>&nbsp;<\/p>\n<ul>\n<li><strong> 4 Datensicherheit<\/strong><br \/>\n(1) Ich unterhalte aktuelle technische Ma\u00dfnahmen zur Gew\u00e4hrleistung der Datensicherheit, insbesondere zum Schutz Ihrer personenbezogenen Daten vor Gefahren bei Daten\u00fcbertragungen sowie vor Kenntniserlangung durch Dritte. Diese werden dem aktuellen Stand der Technik entsprechend jeweils angepasst.<\/li>\n<\/ul>\n<p>&nbsp;<\/p>\n<p>&nbsp;<\/p>\n<ul>\n<li><strong> 5 Rechte auf Auskunft und Widerruf<\/strong><br \/>\n(1) Heiko Merten beachtet die Vorschriften des Bundesdatenschutzgesetzes und des Telemediengesetzes. Dementsprechend speichert Heiko Merten nur die zum Zwecke der Auftragsabwicklung notwendigen mitgeteilten personenbezogenen Daten. Dabei werden alle Kundendaten unter Beachtung der einschl\u00e4gigen Vorschriften des Bundesdatenschutzgesetzes (BDSG) und des Telemediengesetzes (TMG) von Heiko Merten gespeichert und verarbeitet. Ihre personenbezogenen Daten einschlie\u00dflich ihrer Haus und Email-Adresse werden von mir nicht ohne ihre ausdr\u00fcckliche und jederzeit widerrufliche Einwilligung an Dritte weitergeleitet. Ausgenommen hiervon sind meine Dienstleistungspartner, die zur Bestellabwicklung die \u00dcbermittlung von Daten ben\u00f6tigen (z.B. das beauftragte Versandunternehmen mit der Lieferung und das mit der Zahlungsabwicklung beauftragte Kreditinstitut). In diesen F\u00e4llen beschr\u00e4nkt sich der Umfang der \u00fcbermittelten Daten jedoch nur auf das erforderliche Minimum. Sie haben das Recht, von mir zu jeder Zeit Auskunft zu verlangen \u00fcber die zu Ihnen bei mir gespeicherten Daten. Fall Sie eine Einwilligung zur Nutzung von Daten erteilt haben, k\u00f6nnen Sie diese jederzeit widerrufen.<\/li>\n<\/ul>\n<p>Sie haben bez\u00fcglich der Ihrer verabreitenden und gespeicherten personenbezogenen Daten folgende gesetzliche Rechte gegen\u00fcber Heiko Merten.<\/p>\n<p>&nbsp;<\/p>\n<p>&nbsp;<\/p>\n<p>(2)<strong> Recht auf Auskunft<\/strong><br \/>\nAlle Auskunftsanfragen, Informationsw\u00fcnsche oder Widerspr\u00fcche zur Datenverarbeitung richten Sie bitte per an die Adresse, auf die unter \u00a7 1 Abs. 3 verwiesen wird.<\/p>\n<p>&nbsp;<\/p>\n<p>&nbsp;<\/p>\n<p>(3) <strong>Recht auf Berichtigung und Vervollst\u00e4ndigung<\/strong><br \/>\nSie haben als betroffene Person das Recht, unverz\u00fcglich die Berichtigung unrichtiger Daten zu verlangen. Unter Ber\u00fccksichtigung der Zwecke der Verarbeitung haben Sie das Recht, die Vervollst\u00e4ndigung unvollst\u00e4ndiger Daten zu verlangen.<\/p>\n<p>&nbsp;<\/p>\n<p>(4) <strong>Recht auf L\u00f6schung (\u201eRecht auf Vergessenwerden\u201c)<\/strong><br \/>\nSie haben als betroffene Person ein Recht zur L\u00f6schung, soweit die Verarbeitung nicht erforderlich ist. Dies ist beispielsweise der Fall, wenn Ihre Daten f\u00fcr die urspr\u00fcnglichen Zwecke nicht mehr notwendig sind, sie Ihre datenschutzrechtliche Einwilligungserkl\u00e4rung widerrufen haben oder die Daten unrechtm\u00e4\u00dfig verarbeitet wurden.<\/p>\n<p>&nbsp;<\/p>\n<p>&nbsp;<\/p>\n<p>(5) <strong>Recht auf Einschr\u00e4nkung der Verarbeitung<\/strong><br \/>\nSie haben als betroffene Person ein Recht auf Einschr\u00e4nkung der Verarbeitung, z.B. wenn Sie der Meinung sind, die personenbezogenen Daten seien unrichtig.<\/p>\n<p>&nbsp;<\/p>\n<p>&nbsp;<\/p>\n<p>Meine Datenschutzerkl\u00e4rung kann sich von Zeit zu Zeit \u00e4ndern. Hierzu z\u00e4hlen auch Weiterentwicklungen durch Anpassungen aufgrund einer ge\u00e4nderten Gesetzeslage und\/oder aufgrund der Implementierung neuer Webanalyse- und\/oder Retargeting-Technologien. Entsprechende Aktualisierungen der Datenschutzerkl\u00e4rung werden von mir auf dieser Seite ver\u00f6ffentlicht werden. Im Falle wesentlicher \u00c4nderungen werden ich entsprechend darauf hinweisen. Falls Sie noch weitere Fragen haben, die Ihnen meineDatenschutzerkl\u00e4rung nicht beantworten konnte, schreiben Sie bitte eine E-Mail an folgende Adresse: dop[at]heikomerten.com<\/p>\n<p>&nbsp;<\/p>\n<p>&nbsp;<\/p>\n<p>(6) <strong>Recht auf Widerspruch<\/strong><br \/>\nDie Nutzung oder \u00dcbermittlung von Daten f\u00fcr Zwecke der Werbung oder der Markt- und Meinungsforderung kann der Kunde jederzeit widersprechen. Den Widerspruch kann bitte gesendet werden an:<\/p>\n<p><em>Heiko Merten<\/em><br \/>\n<strong>Postadresse<\/strong><br \/>\n<em>Heiko Merten<br \/>\nFriedelstr. 29<br \/>\n12047 Berlin<\/em><\/p>\n<p>&nbsp;<\/p>\n<p><strong>Per E-mail<\/strong><br \/>\ndop[at]heikomerten.com<\/p>\n<p>&nbsp;<\/p>\n<p>Nach Erhalt des Widerspruchs stellt Heiko Merten die Zusendung von Werbemitteln und die Weitergabe f\u00fcr Werbezwecke unverz\u00fcglich ein.<\/p>\n<p>&nbsp;<\/p>\n<p>&nbsp;<\/p>\n","protected":false},"excerpt":{"rendered":"<p>Datenschutzerkl\u00e4rung &nbsp; 1 Information \u00fcber die Erhebung personenbezogener Daten und Anbieterkennzeichnung (1) Diese Webseite wird von Heiko Merten betrieben. Ein wichtiges Anliegen von Heiko Merten ist der Schutz ihrer personenbezogenen Daten. Im folgenden finden Sie Informationen \u00fcber den Datenschutz beim &hellip; <a href=\"https:\/\/www.heikomerten.com\/presents\/datenschutzerklaerung\/\">Weiterlesen <span class=\"meta-nav\">&rarr;<\/span><\/a><\/p>\n","protected":false},"author":1,"featured_media":1054,"parent":0,"menu_order":0,"comment_status":"closed","ping_status":"closed","template":"","meta":{"inline_featured_image":false,"footnotes":""},"class_list":["post-1480","page","type-page","status-publish","has-post-thumbnail","hentry"],"_links":{"self":[{"href":"https:\/\/www.heikomerten.com\/presents\/wp-json\/wp\/v2\/pages\/1480"}],"collection":[{"href":"https:\/\/www.heikomerten.com\/presents\/wp-json\/wp\/v2\/pages"}],"about":[{"href":"https:\/\/www.heikomerten.com\/presents\/wp-json\/wp\/v2\/types\/page"}],"author":[{"embeddable":true,"href":"https:\/\/www.heikomerten.com\/presents\/wp-json\/wp\/v2\/users\/1"}],"replies":[{"embeddable":true,"href":"https:\/\/www.heikomerten.com\/presents\/wp-json\/wp\/v2\/comments?post=1480"}],"version-history":[{"count":0,"href":"https:\/\/www.heikomerten.com\/presents\/wp-json\/wp\/v2\/pages\/1480\/revisions"}],"wp:featuredmedia":[{"embeddable":true,"href":"https:\/\/www.heikomerten.com\/presents\/wp-json\/wp\/v2\/media\/1054"}],"wp:attachment":[{"href":"https:\/\/www.heikomerten.com\/presents\/wp-json\/wp\/v2\/media?parent=1480"}],"curies":[{"name":"wp","href":"https:\/\/api.w.org\/{rel}","templated":true}]}}